{"id":104,"date":"2016-01-07T14:47:16","date_gmt":"2016-01-07T13:47:16","guid":{"rendered":"http:\/\/cms.svdjk-kleinenberg.de\/?page_id=104"},"modified":"2021-11-24T08:25:21","modified_gmt":"2021-11-24T07:25:21","slug":"solarlog","status":"publish","type":"page","link":"https:\/\/www.svdjk-kleinenberg.de\/index.php\/solarlog\/","title":{"rendered":"Solaranlage"},"content":{"rendered":"\n<p><strong>DJKler zapfen die Sonne an- Photovoltaikanlage auf dem Sporthallendach<\/strong><\/p>\n\n\n\n<p>Auf der Generalversammlung 2009 wurde allen Vereinsmitgliedern vor Augen gef\u00fchrt, dass die Energiekosten dem Verein langsam aber sicher \u00fcber den Kopf zu wachsen drohten. Erste Folge war, dass die Beitr\u00e4ge erh\u00f6ht werden mussten.<\/p>\n\n\n\n<p>Um dem Trend langfristig entgegen zu wirken und auch um neuen finanziellen Spielraum f\u00fcr das Angebot des Vereins zu gewinnen, gedeihte seit geraumer Zeit die Idee eine eigene Solaranlage auf dem Turnhallendach zu installieren und so selbst zum Stromerzeuger zu werden. Den Weg daf\u00fcr ebnete ein Beschluss der Stadt, der solche Anlagen auf st\u00e4dtischen D\u00e4chern erm\u00f6glichen soll.<\/p>\n\n\n\n<div class=\"wp-block-image\"><figure class=\"aligncenter size-full\"><a href=\"http:\/\/solarlog.svdjk-kleinenberg.de\/\"><img fetchpriority=\"high\" decoding=\"async\" width=\"342\" height=\"159\" src=\"https:\/\/www.svdjk-kleinenberg.de\/wp-content\/uploads\/2021\/11\/2021-11-24-08_17_40-Sachen-die-du-in-Lichtenau-Nordrhein-Westfalen-Germany-unternehmen-kannst-_-F.jpg\" alt=\"\" class=\"wp-image-1392\" srcset=\"https:\/\/www.svdjk-kleinenberg.de\/wp-content\/uploads\/2021\/11\/2021-11-24-08_17_40-Sachen-die-du-in-Lichtenau-Nordrhein-Westfalen-Germany-unternehmen-kannst-_-F.jpg 342w, https:\/\/www.svdjk-kleinenberg.de\/wp-content\/uploads\/2021\/11\/2021-11-24-08_17_40-Sachen-die-du-in-Lichtenau-Nordrhein-Westfalen-Germany-unternehmen-kannst-_-F-300x139.jpg 300w\" sizes=\"(max-width: 342px) 85vw, 342px\" \/><\/a><\/figure><\/div>\n\n\n\n<p>Der Vorstand wurde aktiv und holte mehrere Angebote ein und in einer au\u00dferordentlichen Mitgliederversammlung wurde das pr\u00e4ferierte Modell der Firma Klein aus Boke vorgestellt.<\/p>\n\n\n\n<p>Der Vertreter des Unternehmens wies darauf hin, dass die Dachfl\u00e4che zwar nicht optimal sei, dass jedoch Module gefunden wurden, die einen hohen Ertrag garantieren. Auf einer Fl\u00e4che von etwa 300 Quadratmetern werden Solarzellen angebracht, der erforderliche Wechselrichter, der den gewonnenen Gleichstrom in Wechselstrom umwandelt, soll in der Halle untergebracht werden. Die Zellen selbst haben eine Lebensdauer von mehreren Jahrzehnten, lediglich der Wechselrichter muss nach einigen Jahren ersetzt werden. Dieser Umstand werde aber im Finanzierungsplan ber\u00fccksichtigt.<\/p>\n\n\n\n<p>Insgesamt hat das Projekt inklusive Service und \u00dcberwachung durch die Firma Klein ein Volumen von circa 120.000 Euro, welches \u00fcber einen Kredit finanziert wird. Der Verein braucht allerdings kein eigenes Geld in die Hand nehmen. Die Tilgung des Darlehens erfolgt \u00fcber die Ertr\u00e4ge der Anlage, die der Bank auch als Sicherheit dient. Das Risiko f\u00fcr den Verein ist damit \u00fcberschaubar.<\/p>\n\n\n\n<p>Geht die Anlage noch in diesem Jahr ans Netz, erh\u00e4lt der Verein die festgeschriebene Einspeiseverg\u00fctung von 43 Cent. Somit kann der Kredit in 12-13 Jahren abgel\u00f6st sein. Anschlie\u00dfend kann die Anlage einen \u00dcberschuss von etwa 800 Euro pro Monat im Jahresdurchschnitt erbringen.<\/p>\n\n\n\n<p>Die Stadt begr\u00fc\u00dft das Vorhaben, erwartet aber gleichzeitig eine Neugestaltung der Bewirtschaftung der Halle. Hier befindet sich der Vorstand in Verhandlungen, um die Details des Vertrages zu kl\u00e4ren. Auch die Versammlung nahm den Antrag einstimmig an. Bleibt zu hoffen, dass sie Sonne in Zukunft verst\u00e4rkt f\u00fcr die DJK scheint.<\/p>\n\n\n\n<p>Der aktuelle Ertrag sowie die Ertragshistorie der Anlage kann \u00fcber das <strong>SolarLog<\/strong> eingesehen werden. <\/p>\n\n\n\n<p><strong>Link:<\/strong><\/p>\n\n\n\n<div class=\"wp-block-group\"><div class=\"wp-block-group__inner-container is-layout-flow wp-block-group-is-layout-flow\">\n<div class=\"wp-block-buttons is-layout-flex wp-block-buttons-is-layout-flex\">\n<div class=\"wp-block-button is-style-fill\"><a class=\"wp-block-button__link has-bright-blue-background-color has-background\" href=\"http:\/\/solarlog.svdjk-kleinenberg.de\/\" target=\"_blank\" rel=\"noreferrer noopener\">Solarlog \u00f6ffnen<\/a><\/div>\n<\/div>\n<\/div><\/div>\n","protected":false},"excerpt":{"rendered":"<p>DJKler zapfen die Sonne an- Photovoltaikanlage auf dem Sporthallendach Auf der Generalversammlung 2009 wurde allen Vereinsmitgliedern vor Augen gef\u00fchrt, dass die Energiekosten dem Verein langsam aber sicher \u00fcber den Kopf zu wachsen drohten. Erste Folge war, dass die Beitr\u00e4ge erh\u00f6ht werden mussten. Um dem Trend langfristig entgegen zu wirken und auch um neuen finanziellen Spielraum &hellip; <a href=\"https:\/\/www.svdjk-kleinenberg.de\/index.php\/solarlog\/\" class=\"more-link\"><span class=\"screen-reader-text\">\u201eSolaranlage\u201c <\/span>weiterlesen<\/a><\/p>\n","protected":false},"author":1,"featured_media":0,"parent":0,"menu_order":0,"comment_status":"closed","ping_status":"closed","template":"","meta":{"_seopress_robots_primary_cat":"","_seopress_titles_title":"","_seopress_titles_desc":"","_seopress_robots_index":"","ngg_post_thumbnail":0,"footnotes":""},"class_list":["post-104","page","type-page","status-publish","hentry"],"_links":{"self":[{"href":"https:\/\/www.svdjk-kleinenberg.de\/index.php\/wp-json\/wp\/v2\/pages\/104","targetHints":{"allow":["GET"]}}],"collection":[{"href":"https:\/\/www.svdjk-kleinenberg.de\/index.php\/wp-json\/wp\/v2\/pages"}],"about":[{"href":"https:\/\/www.svdjk-kleinenberg.de\/index.php\/wp-json\/wp\/v2\/types\/page"}],"author":[{"embeddable":true,"href":"https:\/\/www.svdjk-kleinenberg.de\/index.php\/wp-json\/wp\/v2\/users\/1"}],"replies":[{"embeddable":true,"href":"https:\/\/www.svdjk-kleinenberg.de\/index.php\/wp-json\/wp\/v2\/comments?post=104"}],"version-history":[{"count":15,"href":"https:\/\/www.svdjk-kleinenberg.de\/index.php\/wp-json\/wp\/v2\/pages\/104\/revisions"}],"predecessor-version":[{"id":3229,"href":"https:\/\/www.svdjk-kleinenberg.de\/index.php\/wp-json\/wp\/v2\/pages\/104\/revisions\/3229"}],"wp:attachment":[{"href":"https:\/\/www.svdjk-kleinenberg.de\/index.php\/wp-json\/wp\/v2\/media?parent=104"}],"curies":[{"name":"wp","href":"https:\/\/api.w.org\/{rel}","templated":true}]}}