{"id":1287,"date":"2021-11-23T10:03:46","date_gmt":"2021-11-23T09:03:46","guid":{"rendered":"https:\/\/www.svdjk-kleinenberg.de\/?page_id=1287"},"modified":"2021-11-23T10:03:48","modified_gmt":"2021-11-23T09:03:48","slug":"sportanlagen-und-anfahrt","status":"publish","type":"page","link":"https:\/\/www.svdjk-kleinenberg.de\/index.php\/sportanlagen-und-anfahrt\/","title":{"rendered":"Sportanlagen und Anfahrt"},"content":{"rendered":"\n<p>Unser Verein verf\u00fcgt \u00fcber ein weitl\u00e4ufiges Sportgel\u00e4nde mit einem Naturrasenplatz, Sporthalle und \u2013Sportheim.<\/p>\n\n\n\n<p><strong>Adresse: Rosenstra\u00dfe 13, 33165 Lichtenau-Kleinenberg<\/strong><\/p>\n\n\n\n<p>Parkm\u00f6glichkeiten sind beiderseits des Sportplatzes vorhanden (orange Markierung).<\/p>\n\n\n\n<p>Zudem unterh\u00e4lt die Bogensport-Abteilung einen separaten Trainingsplatz.<\/p>\n\n\n\n<figure class=\"wp-block-image size-large\"><img fetchpriority=\"high\" decoding=\"async\" width=\"1024\" height=\"740\" src=\"https:\/\/www.svdjk-kleinenberg.de\/wp-content\/uploads\/2021\/11\/Anfahrt.jpg-1024x740.jpg\" alt=\"\" class=\"wp-image-1290\" srcset=\"https:\/\/www.svdjk-kleinenberg.de\/wp-content\/uploads\/2021\/11\/Anfahrt.jpg-1024x740.jpg 1024w, https:\/\/www.svdjk-kleinenberg.de\/wp-content\/uploads\/2021\/11\/Anfahrt.jpg-300x217.jpg 300w, https:\/\/www.svdjk-kleinenberg.de\/wp-content\/uploads\/2021\/11\/Anfahrt.jpg-768x555.jpg 768w, https:\/\/www.svdjk-kleinenberg.de\/wp-content\/uploads\/2021\/11\/Anfahrt.jpg-1200x867.jpg 1200w, https:\/\/www.svdjk-kleinenberg.de\/wp-content\/uploads\/2021\/11\/Anfahrt.jpg.jpg 1239w\" sizes=\"(max-width: 709px) 85vw, (max-width: 909px) 67vw, (max-width: 1362px) 62vw, 840px\" \/><\/figure>\n","protected":false},"excerpt":{"rendered":"<p>Unser Verein verf\u00fcgt \u00fcber ein weitl\u00e4ufiges Sportgel\u00e4nde mit einem Naturrasenplatz, Sporthalle und \u2013Sportheim. Adresse: Rosenstra\u00dfe 13, 33165 Lichtenau-Kleinenberg Parkm\u00f6glichkeiten sind beiderseits des Sportplatzes vorhanden (orange Markierung). Zudem unterh\u00e4lt die Bogensport-Abteilung einen separaten Trainingsplatz.<\/p>\n","protected":false},"author":1,"featured_media":0,"parent":0,"menu_order":0,"comment_status":"closed","ping_status":"closed","template":"","meta":{"_seopress_robots_primary_cat":"","_seopress_titles_title":"","_seopress_titles_desc":"","_seopress_robots_index":"","ngg_post_thumbnail":0,"footnotes":""},"class_list":["post-1287","page","type-page","status-publish","hentry"],"_links":{"self":[{"href":"https:\/\/www.svdjk-kleinenberg.de\/index.php\/wp-json\/wp\/v2\/pages\/1287","targetHints":{"allow":["GET"]}}],"collection":[{"href":"https:\/\/www.svdjk-kleinenberg.de\/index.php\/wp-json\/wp\/v2\/pages"}],"about":[{"href":"https:\/\/www.svdjk-kleinenberg.de\/index.php\/wp-json\/wp\/v2\/types\/page"}],"author":[{"embeddable":true,"href":"https:\/\/www.svdjk-kleinenberg.de\/index.php\/wp-json\/wp\/v2\/users\/1"}],"replies":[{"embeddable":true,"href":"https:\/\/www.svdjk-kleinenberg.de\/index.php\/wp-json\/wp\/v2\/comments?post=1287"}],"version-history":[{"count":1,"href":"https:\/\/www.svdjk-kleinenberg.de\/index.php\/wp-json\/wp\/v2\/pages\/1287\/revisions"}],"predecessor-version":[{"id":1291,"href":"https:\/\/www.svdjk-kleinenberg.de\/index.php\/wp-json\/wp\/v2\/pages\/1287\/revisions\/1291"}],"wp:attachment":[{"href":"https:\/\/www.svdjk-kleinenberg.de\/index.php\/wp-json\/wp\/v2\/media?parent=1287"}],"curies":[{"name":"wp","href":"https:\/\/api.w.org\/{rel}","templated":true}]}}