{"id":174,"date":"2016-01-01T08:56:48","date_gmt":"2016-01-01T07:56:48","guid":{"rendered":"http:\/\/www.svdjk-kleinenberg.de\/?page_id=174"},"modified":"2024-02-15T16:03:50","modified_gmt":"2024-02-15T15:03:50","slug":"jugendabteilung","status":"publish","type":"page","link":"https:\/\/www.svdjk-kleinenberg.de\/index.php\/jugendabteilung\/","title":{"rendered":"Jugendvorstand"},"content":{"rendered":"<div>Der Sportverein DJK Kleinenberg verf\u00fcgt \u00fcber eine eigenst\u00e4ndige Jugendabteilung, die von einem Jugendvorstand geleitet wird.&nbsp;Dieser organisiert unter anderem Veranstaltungen und Sportangebote, ist Ansprechpartner f\u00fcr Kinder, Jugendliche und Trainer und setzt sich f\u00fcr deren Belange im Verein ein. Dem Jugendvorstand geh\u00f6ren folgende Mitglieder an:&nbsp;<\/div>\n<div>&nbsp;<\/div>\n<ul>\n<li style=\"list-style-type: none;\">\n<ul>\n<li>\n<div>Benjamin Imkamp<\/div>\n<\/li>\n<li>\n<div>Melissa Schmidts<\/div>\n<\/li>\n<li>\n<div>Melissa Wink<\/div>\n<\/li>\n<li>\n<div>Kemi Mehring<\/div>\n<\/li>\n<li>Luise Mehring<\/li>\n<li>\n<div>Maren Stute<\/div>\n<\/li>\n<li>\n<div>Lukas Schmidts<\/div>\n<\/li>\n<li>\n<div>Niko Wegener<\/div>\n<\/li>\n<\/ul>\n<\/li>\n<\/ul>\n<div>&nbsp;<\/div>\n<div>Kontakt:&nbsp;<\/div>\n<div>Jugendobmann Benjamin Imkamp<\/div>\n<div>jugendabteilung(a)svdjk-<wbr>kleinenberg.de<\/div>\n<div>\n<p>&nbsp;<\/p>\n<div>&nbsp;<\/div>\n<\/div>\n\n","protected":false},"excerpt":{"rendered":"<p>Der Sportverein DJK Kleinenberg verf\u00fcgt \u00fcber eine eigenst\u00e4ndige Jugendabteilung, die von einem Jugendvorstand geleitet wird.&nbsp;Dieser organisiert unter anderem Veranstaltungen und Sportangebote, ist Ansprechpartner f\u00fcr Kinder, Jugendliche und Trainer und setzt sich f\u00fcr deren Belange im Verein ein. Dem Jugendvorstand geh\u00f6ren folgende Mitglieder an:&nbsp; &nbsp; Benjamin Imkamp Melissa Schmidts Melissa Wink Kemi Mehring Luise Mehring Maren &hellip; <a href=\"https:\/\/www.svdjk-kleinenberg.de\/index.php\/jugendabteilung\/\" class=\"more-link\"><span class=\"screen-reader-text\">\u201eJugendvorstand\u201c <\/span>weiterlesen<\/a><\/p>\n","protected":false},"author":1,"featured_media":0,"parent":0,"menu_order":0,"comment_status":"closed","ping_status":"closed","template":"","meta":{"_seopress_robots_primary_cat":"","_seopress_titles_title":"","_seopress_titles_desc":"","_seopress_robots_index":"","ngg_post_thumbnail":0,"footnotes":""},"class_list":["post-174","page","type-page","status-publish","hentry"],"_links":{"self":[{"href":"https:\/\/www.svdjk-kleinenberg.de\/index.php\/wp-json\/wp\/v2\/pages\/174","targetHints":{"allow":["GET"]}}],"collection":[{"href":"https:\/\/www.svdjk-kleinenberg.de\/index.php\/wp-json\/wp\/v2\/pages"}],"about":[{"href":"https:\/\/www.svdjk-kleinenberg.de\/index.php\/wp-json\/wp\/v2\/types\/page"}],"author":[{"embeddable":true,"href":"https:\/\/www.svdjk-kleinenberg.de\/index.php\/wp-json\/wp\/v2\/users\/1"}],"replies":[{"embeddable":true,"href":"https:\/\/www.svdjk-kleinenberg.de\/index.php\/wp-json\/wp\/v2\/comments?post=174"}],"version-history":[{"count":10,"href":"https:\/\/www.svdjk-kleinenberg.de\/index.php\/wp-json\/wp\/v2\/pages\/174\/revisions"}],"predecessor-version":[{"id":2744,"href":"https:\/\/www.svdjk-kleinenberg.de\/index.php\/wp-json\/wp\/v2\/pages\/174\/revisions\/2744"}],"wp:attachment":[{"href":"https:\/\/www.svdjk-kleinenberg.de\/index.php\/wp-json\/wp\/v2\/media?parent=174"}],"curies":[{"name":"wp","href":"https:\/\/api.w.org\/{rel}","templated":true}]}}