{"id":200,"date":"2016-01-11T10:25:56","date_gmt":"2016-01-11T09:25:56","guid":{"rendered":"http:\/\/www.svdjk-kleinenberg.de\/?page_id=200"},"modified":"2021-12-08T09:02:10","modified_gmt":"2021-12-08T08:02:10","slug":"chronik","status":"publish","type":"page","link":"https:\/\/www.svdjk-kleinenberg.de\/index.php\/chronik\/","title":{"rendered":"Chronik"},"content":{"rendered":"\n<p>1932 \u2013 Gr\u00fcndung des Vereins<\/p>\n\n\n\n<p>1957 &#8211; Wiedergr\u00fcndung des Vereins nach dem 2. Weltkrieg<\/p>\n\n\n\n<p>1960 &#8211; Bau des Sportplatzes<\/p>\n\n\n\n<p>1962 &#8211; Bau des Sportheims<\/p>\n\n\n\n<p>1970&nbsp;\u2013&nbsp;Gr\u00fcndung einer Frauenfu\u00dfball-Mannschaft<\/p>\n\n\n\n<p>1972 \u2013 Bau der Flutlichtanlage<\/p>\n\n\n\n<p>1979&nbsp;\u2013&nbsp;erstmalige Ausrichtung der Blau \u2013 Wei\u00dfen Nacht als j\u00e4hrlicher Karnevalsgala<\/p>\n\n\n\n<p>1977&nbsp;\u2013&nbsp;Gr\u00fcndung einer Damengymnastikgruppe sowie einer Seniorengymnastikgruppe<\/p>\n\n\n\n<p>1978 \u2013 Gr\u00fcndung eines M\u00e4nnerballetts<\/p>\n\n\n\n<p>1982\u00a0\u2013\u00a0Gr\u00fcndung der Trimmfreunde, heute Volleyball-Gruppe<\/p>\n\n\n\n<p>1984\u00a0\u2013\u00a0Gr\u00fcndung eines M\u00e4nnerballetts<\/p>\n\n\n\n<p>1984&nbsp;\u2013&nbsp;Aufstieg der 1. Herren-Mannschaft in die Fu\u00dfball-Bezirksliga<\/p>\n\n\n\n<p>1992 \u2013&nbsp;Er\u00f6ffnung der Sporthalle<\/p>\n\n\n\n<p>1993 \u2013&nbsp;Gr\u00fcndung der Prinzenehrengarde<\/p>\n\n\n\n<p>1994 \u2013 Aufstieg der Damenmannschaft in die Fu\u00dfball-Bezirksliga<\/p>\n\n\n\n<p>1998 \u2013 Aufstieg der 1. Herren-Mannschaft in die Fu\u00dfball-Landesliga<\/p>\n\n\n\n<p>1999 \u2013&nbsp;gro\u00dfe Dorf-Olympiade im Rahmen des 750-j\u00e4hrigen Dorfjubil\u00e4ums<\/p>\n\n\n\n<p>2002 \u2013 Gr\u00fcndung einer Bogensport-Gruppe<\/p>\n\n\n\n<p>2002 \u2013 Vizemeistertitel der Damenmannschaft in der Fu\u00dfball-Bezirksliga<\/p>\n\n\n\n<p>2004 \u2013 Teilnahme der Bogensportabteilung an der Deutschen Hallenmeisterschaft&nbsp; DFBV \u2013 Silbermedaille in der Klasse Bow Hunter Compound<\/p>\n\n\n\n<p>2006 \u2013 Gr\u00fcndung der Kinderfunkengarde<\/p>\n\n\n\n<p>2007 \u2013 Gr\u00fcndung einer dauerhaften Fu\u00dfball-Jugendspielgemeinschaft<\/p>\n\n\n\n<p>2007 \u2013 1. Gardecontest Party in der Sch\u00fctzenhalle<\/p>\n\n\n\n<p>2007 \u2013 Denise Hagel\u00fcken erringt den Deutschen Meistertitel im Bogenschie\u00dfen und der Leistungsklasse \u201eBarebow Recurve\u201c<\/p>\n\n\n\n<p>2007 \u2013 75-J\u00e4hriges Vereinsjubil\u00e4um mit Festwoche und Einlagespiel des SC Paderborn 07 gegen eine Stadtauswahl<\/p>\n\n\n\n<p>2009 \u2013 Kleinenberger Nachwuchsspieler\/innen gewinnen mit einer Bundesauswahl die DJK-Europameisterschaft im Fu\u00dfball<\/p>\n\n\n\n<p>2012 \u2013 Sanierung des Sportheimes (bis 2017)<\/p>\n\n\n\n<p>2016 \u2013 erstmalige Ausrichtung eines Sommer-Biathlons<\/p>\n\n\n\n<p>2018 \u2013 erstmalige Ausrichtung eines Garde Contests f\u00fcr Juniorengarden<\/p>\n\n\n\n<p>2018 \u2013 Aufstieg der Herren-Mannschaft in die Fu\u00dfball-Kreisliga B<\/p>\n\n\n\n<p>2020 \u2013Unterbrechung des Spiel- und Sportbetriebes durch die Corona-Pandemie<\/p>\n\n\n\n<p>2020 \u2013 Gr\u00fcndung einer Fu\u00dfball-Spielgemeinschaft im Seniorenbereich<\/p>\n\n\n\n<p>2021 \u2013 Sanierung der Sporthalle<\/p>\n","protected":false},"excerpt":{"rendered":"<p>1932 \u2013 Gr\u00fcndung des Vereins 1957 &#8211; Wiedergr\u00fcndung des Vereins nach dem 2. Weltkrieg 1960 &#8211; Bau des Sportplatzes 1962 &#8211; Bau des Sportheims 1970&nbsp;\u2013&nbsp;Gr\u00fcndung einer Frauenfu\u00dfball-Mannschaft 1972 \u2013 Bau der Flutlichtanlage 1979&nbsp;\u2013&nbsp;erstmalige Ausrichtung der Blau \u2013 Wei\u00dfen Nacht als j\u00e4hrlicher Karnevalsgala 1977&nbsp;\u2013&nbsp;Gr\u00fcndung einer Damengymnastikgruppe sowie einer Seniorengymnastikgruppe 1978 \u2013 Gr\u00fcndung eines M\u00e4nnerballetts 1982\u00a0\u2013\u00a0Gr\u00fcndung der &hellip; <a href=\"https:\/\/www.svdjk-kleinenberg.de\/index.php\/chronik\/\" class=\"more-link\"><span class=\"screen-reader-text\">\u201eChronik\u201c <\/span>weiterlesen<\/a><\/p>\n","protected":false},"author":1,"featured_media":0,"parent":0,"menu_order":0,"comment_status":"closed","ping_status":"closed","template":"","meta":{"_seopress_robots_primary_cat":"","_seopress_titles_title":"","_seopress_titles_desc":"","_seopress_robots_index":"","ngg_post_thumbnail":0,"footnotes":""},"class_list":["post-200","page","type-page","status-publish","hentry"],"_links":{"self":[{"href":"https:\/\/www.svdjk-kleinenberg.de\/index.php\/wp-json\/wp\/v2\/pages\/200","targetHints":{"allow":["GET"]}}],"collection":[{"href":"https:\/\/www.svdjk-kleinenberg.de\/index.php\/wp-json\/wp\/v2\/pages"}],"about":[{"href":"https:\/\/www.svdjk-kleinenberg.de\/index.php\/wp-json\/wp\/v2\/types\/page"}],"author":[{"embeddable":true,"href":"https:\/\/www.svdjk-kleinenberg.de\/index.php\/wp-json\/wp\/v2\/users\/1"}],"replies":[{"embeddable":true,"href":"https:\/\/www.svdjk-kleinenberg.de\/index.php\/wp-json\/wp\/v2\/comments?post=200"}],"version-history":[{"count":4,"href":"https:\/\/www.svdjk-kleinenberg.de\/index.php\/wp-json\/wp\/v2\/pages\/200\/revisions"}],"predecessor-version":[{"id":1398,"href":"https:\/\/www.svdjk-kleinenberg.de\/index.php\/wp-json\/wp\/v2\/pages\/200\/revisions\/1398"}],"wp:attachment":[{"href":"https:\/\/www.svdjk-kleinenberg.de\/index.php\/wp-json\/wp\/v2\/media?parent=200"}],"curies":[{"name":"wp","href":"https:\/\/api.w.org\/{rel}","templated":true}]}}