{"id":276,"date":"2016-02-29T09:48:51","date_gmt":"2016-02-29T08:48:51","guid":{"rendered":"http:\/\/www.svdjk-kleinenberg.de\/?page_id=276"},"modified":"2021-11-23T12:30:31","modified_gmt":"2021-11-23T11:30:31","slug":"impressum-und-datenschutzerklaerung","status":"publish","type":"page","link":"https:\/\/www.svdjk-kleinenberg.de\/index.php\/impressum-und-datenschutzerklaerung\/","title":{"rendered":"Impressum"},"content":{"rendered":"<p>SV DJK Blau-Wei\u00df Kleinenberg 1932 e.V.<br \/>\nRosenstrasse 13<\/p>\n<p>33165 Lichtenau<br \/>\nE-Mail info@svdjk-kleinenberg.de<\/p>\n<p>Verantwortlicher im Sinne von \u00a7 5 TMG:<br \/>\nUlrike Hibbeln-Sicken, Pfarrer-Trost-Strasse 13, 33165 Lichtenau<\/p>\n<p>S\u00e4mtliche Beitr\u00e4ge dieses Internetauftritts dienen der Information. Die Kommentarfunktion soll eine Diskussion der angesprochenen Themen erm\u00f6glichen. Die dortigen Kommentare geben ausschlie\u00dflich die Auffassung der jeweiligen Verfasser wieder. Wir behalten uns vor, Kommentare zu l\u00f6schen. Soweit Links auf externe Seiten f\u00fchren, bedeutet dies nicht, dass wir uns den dortigen Inhalt zu Eigen machen.<\/p>\n<p>E-Mail, SMS und Fax, die von obigen E-Mail-Adressen und Telefonnummern versandt wurden, erf\u00fcllen in diesem Sinne ebenfalls die Schriftform.<\/p>\n","protected":false},"excerpt":{"rendered":"<p>SV DJK Blau-Wei\u00df Kleinenberg 1932 e.V. Rosenstrasse 13 33165 Lichtenau E-Mail info@svdjk-kleinenberg.de Verantwortlicher im Sinne von \u00a7 5 TMG: Ulrike Hibbeln-Sicken, Pfarrer-Trost-Strasse 13, 33165 Lichtenau S\u00e4mtliche Beitr\u00e4ge dieses Internetauftritts dienen der Information. Die Kommentarfunktion soll eine Diskussion der angesprochenen Themen erm\u00f6glichen. Die dortigen Kommentare geben ausschlie\u00dflich die Auffassung der jeweiligen Verfasser wieder. Wir behalten uns &hellip; <a href=\"https:\/\/www.svdjk-kleinenberg.de\/index.php\/impressum-und-datenschutzerklaerung\/\" class=\"more-link\"><span class=\"screen-reader-text\">\u201eImpressum\u201c <\/span>weiterlesen<\/a><\/p>\n","protected":false},"author":1,"featured_media":0,"parent":0,"menu_order":0,"comment_status":"closed","ping_status":"closed","template":"","meta":{"_seopress_robots_primary_cat":"","_seopress_titles_title":"","_seopress_titles_desc":"","_seopress_robots_index":"","ngg_post_thumbnail":0,"footnotes":""},"class_list":["post-276","page","type-page","status-publish","hentry"],"_links":{"self":[{"href":"https:\/\/www.svdjk-kleinenberg.de\/index.php\/wp-json\/wp\/v2\/pages\/276","targetHints":{"allow":["GET"]}}],"collection":[{"href":"https:\/\/www.svdjk-kleinenberg.de\/index.php\/wp-json\/wp\/v2\/pages"}],"about":[{"href":"https:\/\/www.svdjk-kleinenberg.de\/index.php\/wp-json\/wp\/v2\/types\/page"}],"author":[{"embeddable":true,"href":"https:\/\/www.svdjk-kleinenberg.de\/index.php\/wp-json\/wp\/v2\/users\/1"}],"replies":[{"embeddable":true,"href":"https:\/\/www.svdjk-kleinenberg.de\/index.php\/wp-json\/wp\/v2\/comments?post=276"}],"version-history":[{"count":5,"href":"https:\/\/www.svdjk-kleinenberg.de\/index.php\/wp-json\/wp\/v2\/pages\/276\/revisions"}],"predecessor-version":[{"id":1353,"href":"https:\/\/www.svdjk-kleinenberg.de\/index.php\/wp-json\/wp\/v2\/pages\/276\/revisions\/1353"}],"wp:attachment":[{"href":"https:\/\/www.svdjk-kleinenberg.de\/index.php\/wp-json\/wp\/v2\/media?parent=276"}],"curies":[{"name":"wp","href":"https:\/\/api.w.org\/{rel}","templated":true}]}}