{"id":671,"date":"2018-05-17T19:02:01","date_gmt":"2018-05-17T17:02:01","guid":{"rendered":"http:\/\/www.svdjk-kleinenberg.de\/?page_id=671"},"modified":"2019-06-24T18:00:23","modified_gmt":"2019-06-24T16:00:23","slug":"anmeldung-zum-3-kleinenberger-sommer-biathlon","status":"publish","type":"page","link":"https:\/\/www.svdjk-kleinenberg.de\/index.php\/anmeldung-zum-3-kleinenberger-sommer-biathlon\/","title":{"rendered":"Anmeldung zum 4. Kleinenberger Sommer-Biathlon"},"content":{"rendered":"<p><strong><a href=\"https:\/\/www.svdjk-kleinenberg.de\/wp-content\/uploads\/2019\/06\/Wettkampfregeln-Biathlon-2019.pdf\">Wettkampfregeln \/ Durchf\u00fchrungsbestimmungen hier klicken!<\/a><\/strong><\/p>\n<p><strong>Anmeldung:<\/strong><\/p>\n<p>Das Startgeld betr\u00e4gt 2 Euro f\u00fcr Kinder und Jugendliche und 5 Euro f\u00fcr Erwachsene. <strong>Die Anmeldung wird erst mit Eingang des Startgeldes beim Veranstalter endg\u00fcltig wirksam.<\/strong> Die Startzeiten werden nach Anmeldeschluss durch Aushang\/Durchsage\/Infomail mitgeteilt.<\/p>\n<p><strong>Kontakt:<\/strong><br \/>\nWenden Sie sich bitte bei Fragen \u00fcber die Email-Adresse<br \/>\n<a href=\"mailto:sommer-biathlon@svdjk-kleinenberg.de\" target=\"_blank\" rel=\"noopener noreferrer\">sommer-biathlon@svdjk-<wbr>kleinenberg.de<\/a>&nbsp;an uns. Wir helfen Ihnen gerne und stehen mit Rat und Tat zur Seite.<\/p>\n<p><strong>Datenschutzerkl\u00e4rung:<\/strong><\/p>\n<p>Die vom Verein bei der Anmeldung erhobenen Daten dienen ausschlie\u00dflich der Turnierorganisation und werden nicht ver\u00f6ffentlicht oder an nicht an der Turnierorganisation beteiligte Personen weitergegeben. Mit der Anmeldung stimmt der Sportler\/die Sportlerin zu, dass die erhobenen Daten zu Organisationszwecken genutzt werden d\u00fcrfen. Nach der Veranstaltung werden alle Daten gel\u00f6scht.<\/p>\n<p><strong>Online-Anmeldeformular:<\/strong><\/p>\n\n<div class=\"wpcf7 no-js\" id=\"wpcf7-f865-o1\" lang=\"de-DE\" dir=\"ltr\" data-wpcf7-id=\"865\">\n<div class=\"screen-reader-response\"><p role=\"status\" aria-live=\"polite\" aria-atomic=\"true\"><\/p> <ul><\/ul><\/div>\n<form action=\"\/index.php\/wp-json\/wp\/v2\/pages\/671#wpcf7-f865-o1\" method=\"post\" class=\"wpcf7-form init\" aria-label=\"Kontaktformular\" novalidate=\"novalidate\" data-status=\"init\">\n<fieldset class=\"hidden-fields-container\"><input type=\"hidden\" name=\"_wpcf7\" value=\"865\" \/><input type=\"hidden\" name=\"_wpcf7_version\" value=\"6.1.5\" \/><input type=\"hidden\" name=\"_wpcf7_locale\" value=\"de_DE\" \/><input type=\"hidden\" name=\"_wpcf7_unit_tag\" value=\"wpcf7-f865-o1\" \/><input type=\"hidden\" name=\"_wpcf7_container_post\" value=\"0\" \/><input type=\"hidden\" name=\"_wpcf7_posted_data_hash\" value=\"\" \/><input type=\"hidden\" name=\"_wpcf7_recaptcha_response\" value=\"\" \/>\n<\/fieldset>\n<p><label> Name (Pflichtfeld)<br \/>\n<span class=\"wpcf7-form-control-wrap\" data-name=\"your-name\"><input size=\"40\" maxlength=\"400\" class=\"wpcf7-form-control wpcf7-text wpcf7-validates-as-required\" aria-required=\"true\" aria-invalid=\"false\" value=\"\" type=\"text\" name=\"your-name\" \/><\/span> <\/label>\n<\/p>\n<p><label> Vorname (Pflichtfeld)<br \/>\n<span class=\"wpcf7-form-control-wrap\" data-name=\"your-vorname\"><input size=\"40\" maxlength=\"400\" class=\"wpcf7-form-control wpcf7-text wpcf7-validates-as-required\" aria-required=\"true\" aria-invalid=\"false\" value=\"\" type=\"text\" name=\"your-vorname\" \/><\/span> <\/label>\n<\/p>\n<p><label> Geburtsdatum (Pflichtfeld)<br \/>\n<span class=\"wpcf7-form-control-wrap\" data-name=\"geb-datum\"><input class=\"wpcf7-form-control wpcf7-date wpcf7-validates-as-required wpcf7-validates-as-date\" aria-required=\"true\" aria-invalid=\"false\" value=\"\" type=\"date\" name=\"geb-datum\" \/><\/span> <\/label>\n<\/p>\n<p><label> Geschlecht (Pflichtfeld)<br \/>\n<span class=\"wpcf7-form-control-wrap\" data-name=\"Geschlecht\"><select class=\"wpcf7-form-control wpcf7-select wpcf7-validates-as-required\" aria-required=\"true\" aria-invalid=\"false\" multiple=\"multiple\" name=\"Geschlecht[]\"><option value=\"m\u00e4nnlich\">m\u00e4nnlich<\/option><option value=\"weiblich\">weiblich<\/option><\/select><\/span> <\/label>\n<\/p>\n<p><label> E-Mail-Adresse (Pflichtfeld)<br \/>\n<span class=\"wpcf7-form-control-wrap\" data-name=\"your-email\"><input size=\"40\" maxlength=\"400\" class=\"wpcf7-form-control wpcf7-email wpcf7-validates-as-required wpcf7-text wpcf7-validates-as-email\" aria-required=\"true\" aria-invalid=\"false\" value=\"\" type=\"email\" name=\"your-email\" \/><\/span> <\/label>\n<\/p>\n<p><label> Verein<br \/>\n<span class=\"wpcf7-form-control-wrap\" data-name=\"your-verein\"><input size=\"40\" maxlength=\"400\" class=\"wpcf7-form-control wpcf7-text\" aria-invalid=\"false\" value=\"\" type=\"text\" name=\"your-verein\" \/><\/span> <\/label>\n<\/p>\n<p><label> Kommentar<br \/>\n<span class=\"wpcf7-form-control-wrap\" data-name=\"your-message\"><textarea cols=\"40\" rows=\"10\" maxlength=\"2000\" class=\"wpcf7-form-control wpcf7-textarea\" aria-invalid=\"false\" name=\"your-message\"><\/textarea><\/span> <\/label>\n<\/p>\n<p><input class=\"wpcf7-form-control wpcf7-submit has-spinner\" type=\"submit\" value=\"Senden\" \/>\n<\/p><div class=\"wpcf7-response-output\" aria-hidden=\"true\"><\/div>\n<\/form>\n<\/div>\n\n","protected":false},"excerpt":{"rendered":"<p>Wettkampfregeln \/ Durchf\u00fchrungsbestimmungen hier klicken! Anmeldung: Das Startgeld betr\u00e4gt 2 Euro f\u00fcr Kinder und Jugendliche und 5 Euro f\u00fcr Erwachsene. Die Anmeldung wird erst mit Eingang des Startgeldes beim Veranstalter endg\u00fcltig wirksam. Die Startzeiten werden nach Anmeldeschluss durch Aushang\/Durchsage\/Infomail mitgeteilt. Kontakt: Wenden Sie sich bitte bei Fragen \u00fcber die Email-Adresse sommer-biathlon@svdjk-kleinenberg.de&nbsp;an uns. Wir helfen Ihnen &hellip; <a href=\"https:\/\/www.svdjk-kleinenberg.de\/index.php\/anmeldung-zum-3-kleinenberger-sommer-biathlon\/\" class=\"more-link\"><span class=\"screen-reader-text\">\u201eAnmeldung zum 4. Kleinenberger Sommer-Biathlon\u201c <\/span>weiterlesen<\/a><\/p>\n","protected":false},"author":1,"featured_media":0,"parent":0,"menu_order":0,"comment_status":"closed","ping_status":"closed","template":"","meta":{"_seopress_robots_primary_cat":"","_seopress_titles_title":"","_seopress_titles_desc":"","_seopress_robots_index":"","ngg_post_thumbnail":0,"footnotes":""},"class_list":["post-671","page","type-page","status-publish","hentry"],"_links":{"self":[{"href":"https:\/\/www.svdjk-kleinenberg.de\/index.php\/wp-json\/wp\/v2\/pages\/671","targetHints":{"allow":["GET"]}}],"collection":[{"href":"https:\/\/www.svdjk-kleinenberg.de\/index.php\/wp-json\/wp\/v2\/pages"}],"about":[{"href":"https:\/\/www.svdjk-kleinenberg.de\/index.php\/wp-json\/wp\/v2\/types\/page"}],"author":[{"embeddable":true,"href":"https:\/\/www.svdjk-kleinenberg.de\/index.php\/wp-json\/wp\/v2\/users\/1"}],"replies":[{"embeddable":true,"href":"https:\/\/www.svdjk-kleinenberg.de\/index.php\/wp-json\/wp\/v2\/comments?post=671"}],"version-history":[{"count":14,"href":"https:\/\/www.svdjk-kleinenberg.de\/index.php\/wp-json\/wp\/v2\/pages\/671\/revisions"}],"predecessor-version":[{"id":866,"href":"https:\/\/www.svdjk-kleinenberg.de\/index.php\/wp-json\/wp\/v2\/pages\/671\/revisions\/866"}],"wp:attachment":[{"href":"https:\/\/www.svdjk-kleinenberg.de\/index.php\/wp-json\/wp\/v2\/media?parent=671"}],"curies":[{"name":"wp","href":"https:\/\/api.w.org\/{rel}","templated":true}]}}