{"id":779,"date":"2019-02-11T08:42:27","date_gmt":"2019-02-11T07:42:27","guid":{"rendered":"https:\/\/www.svdjk-kleinenberg.de\/?page_id=779"},"modified":"2019-02-11T08:48:16","modified_gmt":"2019-02-11T07:48:16","slug":"djk-als-kinderfreundlicher-sportverein-ausgezeichnet","status":"publish","type":"page","link":"https:\/\/www.svdjk-kleinenberg.de\/index.php\/djk-als-kinderfreundlicher-sportverein-ausgezeichnet\/","title":{"rendered":"DJK Kleinenberg als kinderfreundlicher Sportverein ausgezeichnet"},"content":{"rendered":"\n<p><strong>\u201eKinderwelten\nsind Bewegungswelten\u201c<\/strong><\/p>\n\n\n\n<p><strong>Kinder\nsind gerne \u201ein Aktion\u201c \u2013 eine Aussage, die banal erscheint. Doch die Situation\nin Bezug auf Bewegung hat in den letzten Jahren einen gro\u00dfen Wandel erlebt \u2013\nhin zum Negativen. Heutzutage ist ein eklatanter Mangel an Bewegung auch und\ngerade bei Kindern und Jugendlichen festzustellen. Dem entgegenzuwirken ist\neine besondere Herausforderung, die der Kindergarten und der Sportverein in\nKleinenberg allgemein und jetzt auch speziell in einer Kooperation angenommen\nhaben.<\/strong><\/p>\n\n\n\n<div class=\"wp-block-image\"><figure class=\"aligncenter\"><a href=\"http:\/\/www.lichtenau.de\/26-Familie-Bildung-Soziales\/29-Kindertageseinrichtungen\/635-Kindertageseinrichtung-Regenbogen-Kleinenberg.html\"><img decoding=\"async\" width=\"234\" height=\"133\" src=\"https:\/\/www.svdjk-kleinenberg.de\/wp-content\/uploads\/2019\/02\/logo.png\" alt=\"\" class=\"wp-image-782\"\/><\/a><\/figure><\/div>\n\n\n\n<p>Bewegung spielte in der <a href=\"http:\/\/www.lichtenau.de\/26-Familie-Bildung-Soziales\/29-Kindertageseinrichtungen\/635-Kindertageseinrichtung-Regenbogen-Kleinenberg.html\">Kindertagesst\u00e4tte \u201eRegenbogen\u201c<\/a> schon immer eine Rolle und auch der Sportverein DJK Kleinenberg war schon immer \u201ekinderfreundlich\u201c. Ende April bekamen die beiden Partner nun die \u201eoffizielle\u201c Best\u00e4tigung f\u00fcr ihr Tun: Die Kita wurde als Bewegungskindergarten, die DJK als kinderfreundlicher Sportverein ausgezeichnet. <\/p>\n\n\n\n<div class=\"wp-block-image\"><figure class=\"aligncenter\"><img fetchpriority=\"high\" decoding=\"async\" width=\"1024\" height=\"683\" src=\"https:\/\/www.svdjk-kleinenberg.de\/wp-content\/uploads\/2019\/02\/Bewegungskindergarten-1024x683.jpg\" alt=\"\" class=\"wp-image-780\" srcset=\"https:\/\/www.svdjk-kleinenberg.de\/wp-content\/uploads\/2019\/02\/Bewegungskindergarten-1024x683.jpg 1024w, https:\/\/www.svdjk-kleinenberg.de\/wp-content\/uploads\/2019\/02\/Bewegungskindergarten-300x200.jpg 300w, https:\/\/www.svdjk-kleinenberg.de\/wp-content\/uploads\/2019\/02\/Bewegungskindergarten-768x512.jpg 768w, https:\/\/www.svdjk-kleinenberg.de\/wp-content\/uploads\/2019\/02\/Bewegungskindergarten-1200x800.jpg 1200w\" sizes=\"(max-width: 709px) 85vw, (max-width: 909px) 67vw, (max-width: 1362px) 62vw, 840px\" \/><\/figure><\/div>\n\n\n\n<p>Bei einer Feierstunde in der Sporthalle in Kleinenberg mit\nallen Kindern und zahlreichen geladenen G\u00e4sten wurden beiden Institutionen die\nneuen Titel verliehen. Der Pr\u00e4sident des Kreissportbundes, Diethelm Krause,&nbsp; \u00fcberreichte Michaela Sch\u00f6nebeck, Leiterin der\nKita, und Ulrike Hibbeln-Sicken, 1. Vorsitzende des Sportvereins, die Urkunden.<\/p>\n\n\n\n<p>Krause freute sich, an diesem Tag den 20.\nBewegungskindergarten und den 18. kinderfreundlichen Sportverein im Kreis\nzertifizieren zu k\u00f6nnen und stellte noch einmal heraus, dass Kinderwelten\nBewegungswelten seien. Der Allgemeine Vertreter des B\u00fcrgermeisters der Stadt\nLichtenau, J\u00f6rg Altemeier, w\u00fcrdigte zudem den Einsatz des Kitateams und aller beteiligten\nPersonen.<\/p>\n\n\n\n<p>Die Kooperation zwischen dem Sportverein und der Kita Regenbogen umfasst zum Beispiel eine w\u00f6chentliche \u00dcbungsstunde im Kindergarten unter der Leitung der 2. Vorsitzenden Stephanie Walter und ein Mal im Jahr das \u201eKibaz\u201c, das Kinderbewegungsabzeichen \u2013 ein Parcours mit zehn Stationen. Das Angebot der beiden Partner soll nun Schritt f\u00fcr Schritt ausgebaut werden.<\/p>\n\n\n\n<p><\/p>\n\n\n\n<div class=\"wp-block-image\"><figure class=\"aligncenter\"><img decoding=\"async\" width=\"234\" height=\"235\" src=\"https:\/\/www.svdjk-kleinenberg.de\/wp-content\/uploads\/2019\/02\/csm_Kinder_freundlicher_Sportverein_Auszeichnung_5a95b43091.jpg\" alt=\"\" class=\"wp-image-781\" srcset=\"https:\/\/www.svdjk-kleinenberg.de\/wp-content\/uploads\/2019\/02\/csm_Kinder_freundlicher_Sportverein_Auszeichnung_5a95b43091.jpg 234w, https:\/\/www.svdjk-kleinenberg.de\/wp-content\/uploads\/2019\/02\/csm_Kinder_freundlicher_Sportverein_Auszeichnung_5a95b43091-150x150.jpg 150w\" sizes=\"(max-width: 234px) 85vw, 234px\" \/><\/figure><\/div>\n","protected":false},"excerpt":{"rendered":"<p>\u201eKinderwelten sind Bewegungswelten\u201c Kinder sind gerne \u201ein Aktion\u201c \u2013 eine Aussage, die banal erscheint. Doch die Situation in Bezug auf Bewegung hat in den letzten Jahren einen gro\u00dfen Wandel erlebt \u2013 hin zum Negativen. Heutzutage ist ein eklatanter Mangel an Bewegung auch und gerade bei Kindern und Jugendlichen festzustellen. Dem entgegenzuwirken ist eine besondere Herausforderung, &hellip; <a href=\"https:\/\/www.svdjk-kleinenberg.de\/index.php\/djk-als-kinderfreundlicher-sportverein-ausgezeichnet\/\" class=\"more-link\"><span class=\"screen-reader-text\">\u201eDJK Kleinenberg als kinderfreundlicher Sportverein ausgezeichnet\u201c <\/span>weiterlesen<\/a><\/p>\n","protected":false},"author":1,"featured_media":0,"parent":0,"menu_order":0,"comment_status":"closed","ping_status":"closed","template":"","meta":{"_seopress_robots_primary_cat":"","_seopress_titles_title":"","_seopress_titles_desc":"","_seopress_robots_index":"","ngg_post_thumbnail":0,"footnotes":""},"class_list":["post-779","page","type-page","status-publish","hentry"],"_links":{"self":[{"href":"https:\/\/www.svdjk-kleinenberg.de\/index.php\/wp-json\/wp\/v2\/pages\/779","targetHints":{"allow":["GET"]}}],"collection":[{"href":"https:\/\/www.svdjk-kleinenberg.de\/index.php\/wp-json\/wp\/v2\/pages"}],"about":[{"href":"https:\/\/www.svdjk-kleinenberg.de\/index.php\/wp-json\/wp\/v2\/types\/page"}],"author":[{"embeddable":true,"href":"https:\/\/www.svdjk-kleinenberg.de\/index.php\/wp-json\/wp\/v2\/users\/1"}],"replies":[{"embeddable":true,"href":"https:\/\/www.svdjk-kleinenberg.de\/index.php\/wp-json\/wp\/v2\/comments?post=779"}],"version-history":[{"count":3,"href":"https:\/\/www.svdjk-kleinenberg.de\/index.php\/wp-json\/wp\/v2\/pages\/779\/revisions"}],"predecessor-version":[{"id":787,"href":"https:\/\/www.svdjk-kleinenberg.de\/index.php\/wp-json\/wp\/v2\/pages\/779\/revisions\/787"}],"wp:attachment":[{"href":"https:\/\/www.svdjk-kleinenberg.de\/index.php\/wp-json\/wp\/v2\/media?parent=779"}],"curies":[{"name":"wp","href":"https:\/\/api.w.org\/{rel}","templated":true}]}}